{"id":952,"date":"2020-04-16T15:45:00","date_gmt":"2020-04-16T12:45:00","guid":{"rendered":"https:\/\/aleyapi.com.tr\/?page_id=952"},"modified":"2020-04-16T16:03:53","modified_gmt":"2020-04-16T13:03:53","slug":"about-us","status":"publish","type":"page","link":"https:\/\/aleyapi.com.tr\/en\/about-us\/","title":{"rendered":"ABOUT US"},"content":{"rendered":"<div id='full_slider_1'  class='avia-fullwidth-slider main_color avia-shadow   avia-builder-el-0  el_before_av_tab_container  avia-builder-el-first   container_wrap sidebar_right'  ><div  class='avia-slideshow av-k4ixlpkf-56ef3d0cf7420b3dfd4d6ed7c22b98c9 avia-slideshow-no scaling av_slideshow_full avia-fade-slider av-slideshow-ui av-control-default av-slideshow-manual av-loop-once av-loop-manual-endless av-default-height-applied  image_no_stretch avia-slideshow-1' data-slideshow-options=\"{&quot;animation&quot;:&quot;fade&quot;,&quot;autoplay&quot;:false,&quot;loop_autoplay&quot;:&quot;once&quot;,&quot;interval&quot;:5,&quot;loop_manual&quot;:&quot;manual-endless&quot;,&quot;autoplay_stopper&quot;:false,&quot;noNavigation&quot;:false,&quot;bg_slider&quot;:false,&quot;keep_padding&quot;:false,&quot;hoverpause&quot;:false,&quot;show_slide_delay&quot;:0}\"  itemprop=\"image\" itemscope=\"itemscope\" itemtype=\"https:\/\/schema.org\/ImageObject\" ><ul class='avia-slideshow-inner ' style='padding-bottom: 20%;'><li  class='avia-slideshow-slide av-k4ixlpkf-56ef3d0cf7420b3dfd4d6ed7c22b98c9__0  av-single-slide slide-1 slide-odd'><div data-rel='slideshow-1' class='avia-slide-wrap '   ><img decoding=\"async\" fetchpriority=\"high\" class=\"wp-image-579 avia-img-lazy-loading-not-579\"  src=\"https:\/\/aleyapi.com.tr\/wp-content\/uploads\/2019\/12\/ic-slide-aleyapi.jpg\" width=\"1500\" height=\"300\" title='ic-slide-aleyapi' alt=''  itemprop=\"thumbnailUrl\" srcset=\"https:\/\/aleyapi.com.tr\/wp-content\/uploads\/2019\/12\/ic-slide-aleyapi.jpg 1500w, https:\/\/aleyapi.com.tr\/wp-content\/uploads\/2019\/12\/ic-slide-aleyapi-300x60.jpg 300w, https:\/\/aleyapi.com.tr\/wp-content\/uploads\/2019\/12\/ic-slide-aleyapi-1200x240.jpg 1200w, https:\/\/aleyapi.com.tr\/wp-content\/uploads\/2019\/12\/ic-slide-aleyapi-768x154.jpg 768w, https:\/\/aleyapi.com.tr\/wp-content\/uploads\/2019\/12\/ic-slide-aleyapi-705x141.jpg 705w\" sizes=\"(max-width: 1500px) 100vw, 1500px\" \/><\/div><\/li><\/ul><\/div><\/div><div id='after_full_slider_1'  class='main_color av_default_container_wrap container_wrap sidebar_right'  ><div class='container av-section-cont-open' ><div class='template-page content  av-content-small alpha units'><div class='post-entry post-entry-type-page post-entry-952'><div class='entry-content-wrapper clearfix'>\n<div  class='tabcontainer av-k5bq7ia5-17cdf3fb4599ef7a3b62bdaa19d5c212 sidebar_tab sidebar_tab_left  avia-builder-el-1  el_after_av_slideshow_full  avia-builder-el-no-sibling  border_tabs'>\n<section class='av_tab_section av_tab_section av-qck40-2692d96056ed8a182b581ee24fd4d9ce'  itemscope=\"itemscope\" itemtype=\"https:\/\/schema.org\/CreativeWork\" ><div id='tab-id-1-tab' class='tab active_tab' role='tab' aria-selected=\"true\" tabindex=\"0\" data-fake-id='#tab-id-1' aria-controls='tab-id-1-content'  itemprop=\"headline\" >ABOUT US<\/div><div id='tab-id-1-content' class='tab_content active_tab_content' role='tabpanel' aria-labelledby='tab-id-1-tab' aria-hidden=\"false\"><div class='tab_inner_content invers-color'  itemprop=\"text\" ><p><strong>ABOUT US<\/strong><\/p>\n<p>The foundations of Ale Yap\u0131, which adopts quality and trust as a principle, were laid in 2007 in Bodrum by experienced and reliable names of the construction industry. Ale Yap\u0131, which has been offering modern living spaces with numerous projects since its establishment, creates trust and attracts great attention due to the importance it attaches to quality. Using the modern construction management techniques, top quality materials and highly skilled workforce, Ale Yapi has an important point in the success of its customers and projects that it delivers on time. Among the projects carried out since its establishment; Do\u011fabende Evleri-1, Do\u011fabende Evleri-2, 4 Seasons Carob Houses, Hale Houses, Yah\u015fi Resort, Konac\u0131k Modern Houses, Yal\u0131kavak Industrial Estate, Telmissos Houses, A\u011fa\u00e7l\u0131 Sarn\u0131\u00e7 Houses and The Loft Yah\u015fi. Modern projects carried out by Ale Yap\u0131 invite residents to a better life. Ale Yap\u0131, which started to build quality and safe buildings with its knowledge and experience in the sector in 2007, has completed all its projects on time and successfully in 146 years, with 146 residences and 53 workplaces.<\/p>\n<\/div><\/div><\/section>\n<section class='av_tab_section av_tab_section av-igz08-5834a9d4c57452621e4624f7c4b274a4'  itemscope=\"itemscope\" itemtype=\"https:\/\/schema.org\/CreativeWork\" ><div id='tab-id-2-tab' class='tab' role='tab' aria-selected=\"false\" tabindex=\"0\" data-fake-id='#tab-id-2' aria-controls='tab-id-2-content'  itemprop=\"headline\" >THE MESSAGE OF THE PRESIDENT<\/div><div id='tab-id-2-content' class='tab_content' role='tabpanel' aria-labelledby='tab-id-2-tab' aria-hidden=\"true\"><div class='tab_inner_content invers-color'  itemprop=\"text\" ><div class=\"page\" title=\"Page 1\">\n<div class=\"layoutArea\">\n<div class=\"column\">\n<p><strong>THE MESSAGE OF THE PRESIDENT<\/strong><\/p>\n<p style=\"text-align: left;\">I first came to Bodrum in 2004. After finishing the Department of Construction Technician at Karadeniz Technical University Construction Vocational High School in Ordu, I came to the construction of a five-star hotel in Bodrum Ba\u011fla, which started in 1998 thanks to the working life I started. After the construction was completed here, I went to Antalya for a big hotel project and from there to Ordu to work in Top\u00e7am Dam. However, Bodrum has a different aura. The one who comes here cannot return any more. I completed my national duty and moved to Bodrum in 2004. In this period, while working in construction companies, I believed it was time to lay the foundations of my own company and started to realize my projects with my first partner company \u00d6zko\u00e7 \u0130n\u015faat. Although my project investments, which continued with Ale Yap\u0131 in 2005, continued with commercial partners that changed from time to time, with a radical decision I made in 2014, I decided to continue my business life on my own.<\/p>\n<p style=\"text-align: left;\">I think we have added value to Bodrum with 10 different projects, one of which is an industrial site, to date. Bodrum has a very special texture. It is a very important residential area with its peace, climate, nature, and energy that it provides people with. Projects to be built in Bodrum should be just as special. First of all, as Ale Yapi, we strive to create places that live primarily in our projects and give happiness and peace to the owner. Empathy is a must for our projects. For this reason, we have a principle of not realizing any project that we cannot live ourselves.<\/p>\n<p style=\"text-align: left;\">As Ale Yap\u0131, we also attach importance to following the innovations of the sector step by step, to develop more comfortable and safer buildings by developing technologically and adapting innovations to our projects. Especially if you are building in an area open to natural disasters, you should consider all kinds of risks and take precautions. For this reason, we are constantly renewing ourselves to realize plasterless, brickless, strong and insulated structures by following the technology and the innovations it brings. In this sense, The Loft Yah\u015fi project is very important to me. In this project, which can be called a touchstone for Ale Yap\u0131, we have implemented an application that is not in Bodrum. We implemented our buildings with hollow walls called the exterior wall drywall system. With these systems, which are not preferred due to their high cost and long-lasting manufacturing, we have realized complete thermal insulation by keeping both safe houses and cold houses in summer and cold houses in winter.<\/p>\n<p style=\"text-align: left;\">To progress with solid steps in the construction sector of Bodrum with our unique solutions and unchanging understanding of quality in our projects we have created by blending the ethical architectural structure of Bodrum with modern lines.<\/p>\n<\/div>\n<\/div>\n<\/div>\n<div class=\"layoutArea\" style=\"text-align: left;\">\n<div class=\"column\"><\/div>\n<\/div>\n<\/div><\/div><\/section>\n<section class='av_tab_section av_tab_section av-av_tab-5b67b51711a31a3b92703f737de95dbb'  itemscope=\"itemscope\" itemtype=\"https:\/\/schema.org\/CreativeWork\" ><div id='tab-id-3-tab' class='tab' role='tab' aria-selected=\"false\" tabindex=\"0\" data-fake-id='#tab-id-3' aria-controls='tab-id-3-content'  itemprop=\"headline\" >VISION - MISSION<\/div><div id='tab-id-3-content' class='tab_content' role='tabpanel' aria-labelledby='tab-id-3-tab' aria-hidden=\"true\"><div class='tab_inner_content invers-color'  itemprop=\"text\" ><p style=\"text-align: left;\"><strong>VISION<\/strong><\/p>\n<p>To progress with solid steps in the construction sector of Bodrum with our unique solutions and unchanging understanding of quality in our projects we have created by blending the ethical architectural structure of Bodrum with modern lines.<\/p>\n<p><strong>MISSION<\/strong><\/p>\n<p>In all projects with our signature; To fulfill our commitments at the right time with solutions that are respectful to human and nature as well as the requirements of modern life, with optimum cost.<\/p>\n<\/div><\/div><\/section>\n<section class='av_tab_section av_tab_section av-b2ntc-591257d457cf2532183e988ec99d7d1e'  itemscope=\"itemscope\" itemtype=\"https:\/\/schema.org\/CreativeWork\" ><div id='tab-id-4-tab' class='tab' role='tab' aria-selected=\"false\" tabindex=\"0\" data-fake-id='#tab-id-4' aria-controls='tab-id-4-content'  itemprop=\"headline\" >OUR VALUES<\/div><div id='tab-id-4-content' class='tab_content' role='tabpanel' aria-labelledby='tab-id-4-tab' aria-hidden=\"true\"><div class='tab_inner_content invers-color'  itemprop=\"text\" ><p><strong>OUR VALUES<\/strong><\/p>\n<ul>\n<li>Delivered at the right time<\/li>\n<li>Quality<\/li>\n<li>Professionalism<\/li>\n<li>Innovation<\/li>\n<li>Respect to human and nature<\/li>\n<li>Customer orientation<\/li>\n<\/ul>\n<\/div><\/div><\/section>\n<\/div>\n","protected":false},"excerpt":{"rendered":"","protected":false},"author":1,"featured_media":0,"parent":0,"menu_order":0,"comment_status":"closed","ping_status":"closed","template":"","meta":{"footnotes":""},"class_list":["post-952","page","type-page","status-publish","hentry"],"aioseo_notices":[],"_links":{"self":[{"href":"https:\/\/aleyapi.com.tr\/en\/wp-json\/wp\/v2\/pages\/952","targetHints":{"allow":["GET"]}}],"collection":[{"href":"https:\/\/aleyapi.com.tr\/en\/wp-json\/wp\/v2\/pages"}],"about":[{"href":"https:\/\/aleyapi.com.tr\/en\/wp-json\/wp\/v2\/types\/page"}],"author":[{"embeddable":true,"href":"https:\/\/aleyapi.com.tr\/en\/wp-json\/wp\/v2\/users\/1"}],"replies":[{"embeddable":true,"href":"https:\/\/aleyapi.com.tr\/en\/wp-json\/wp\/v2\/comments?post=952"}],"version-history":[{"count":6,"href":"https:\/\/aleyapi.com.tr\/en\/wp-json\/wp\/v2\/pages\/952\/revisions"}],"predecessor-version":[{"id":979,"href":"https:\/\/aleyapi.com.tr\/en\/wp-json\/wp\/v2\/pages\/952\/revisions\/979"}],"wp:attachment":[{"href":"https:\/\/aleyapi.com.tr\/en\/wp-json\/wp\/v2\/media?parent=952"}],"curies":[{"name":"wp","href":"https:\/\/api.w.org\/{rel}","templated":true}]}}